{"id":456,"date":"2019-06-21T10:28:05","date_gmt":"2019-06-21T15:28:05","guid":{"rendered":"https:\/\/bxstudio.ca\/planning\/"},"modified":"2026-02-22T23:28:28","modified_gmt":"2026-02-23T04:28:28","slug":"horaires","status":"publish","type":"page","link":"https:\/\/bxstudio.ca\/fr\/horaires\/","title":{"rendered":"Horaires Laval"},"content":{"rendered":"\t\t<div data-elementor-type=\"wp-post\" data-elementor-id=\"456\" class=\"elementor elementor-456 elementor-99\" data-elementor-post-type=\"page\">\n\t\t\t\t<div class=\"elementor-element elementor-element-b6ccba2 e-flex e-con-boxed elementor-invisible e-con e-parent\" data-id=\"b6ccba2\" data-element_type=\"container\" data-settings=\"{&quot;background_background&quot;:&quot;classic&quot;,&quot;background_motion_fx_motion_fx_scrolling&quot;:&quot;yes&quot;,&quot;animation&quot;:&quot;fadeIn&quot;,&quot;jet_parallax_layout_list&quot;:[],&quot;background_motion_fx_devices&quot;:[&quot;desktop&quot;,&quot;tablet&quot;,&quot;mobile&quot;]}\">\n\t\t\t\t\t<div class=\"e-con-inner\">\n\t\t<div class=\"elementor-element elementor-element-8785d7a e-con-full e-flex e-con e-child\" data-id=\"8785d7a\" data-element_type=\"container\" data-settings=\"{&quot;jet_parallax_layout_list&quot;:[]}\">\n\t\t\t\t<div class=\"elementor-element elementor-element-f264f58 elementor-widget elementor-widget-heading\" data-id=\"f264f58\" data-element_type=\"widget\" data-widget_type=\"heading.default\">\n\t\t\t\t<div class=\"elementor-widget-container\">\n\t\t\t\t\t<h1 class=\"elementor-heading-title elementor-size-default\">Horaires Laval<\/h1>\t\t\t\t<\/div>\n\t\t\t\t<\/div>\n\t\t\t\t<\/div>\n\t\t\t\t\t<\/div>\n\t\t\t\t<\/div>\n\t\t<div class=\"elementor-element elementor-element-2bf0306 e-flex e-con-boxed e-con e-parent\" data-id=\"2bf0306\" data-element_type=\"container\" data-settings=\"{&quot;jet_parallax_layout_list&quot;:[]}\">\n\t\t\t\t\t<div class=\"e-con-inner\">\n\t\t\t\t<div class=\"elementor-element elementor-element-0c3d723 elementor-widget elementor-widget-text-editor\" data-id=\"0c3d723\" data-element_type=\"widget\" data-widget_type=\"text-editor.default\">\n\t\t\t\t<div class=\"elementor-widget-container\">\n\t\t\t\t\t\t\t\t\t<p><strong>Pr\u00e9avis de 24 heures avant l&rsquo;annulation d&rsquo;un cours. Toute annulation effectu\u00e9e moins de 24 heures \u00e0 l&rsquo;avance entra\u00eenera la perte du cours. Avec nos abonnements \u00a0illimit\u00e9es, des frais suppl\u00e9mentaires de 15 $ seront factur\u00e9s en cas de \u00ab\u00a0no show\u00a0\u00bb. \u00c9tant donn\u00e9 que nous sommes un petit studio, nous souhaitons donner \u00e0 chacun l&rsquo;opportunit\u00e9 de pratiquer avec nous, avec un d\u00e9lai d&rsquo;annulation raisonnable.<\/strong><\/p>\n\t\t\t\t\t\t\t\t<\/div>\n\t\t\t\t<\/div>\n\t\t\t\t\t<\/div>\n\t\t\t\t<\/div>\n\t\t<div class=\"elementor-element elementor-element-86b7f8c e-flex e-con-boxed e-con e-parent\" data-id=\"86b7f8c\" data-element_type=\"container\" data-settings=\"{&quot;jet_parallax_layout_list&quot;:[]}\">\n\t\t\t\t\t<div class=\"e-con-inner\">\n\t\t<div class=\"elementor-element elementor-element-e978074 e-con-full e-flex e-con e-child\" data-id=\"e978074\" data-element_type=\"container\" data-settings=\"{&quot;jet_parallax_layout_list&quot;:[]}\">\n\t\t\t\t<div class=\"elementor-element elementor-element-4397f85 elementor-widget elementor-widget-text-editor\" data-id=\"4397f85\" data-element_type=\"widget\" data-widget_type=\"text-editor.default\">\n\t\t\t\t<div class=\"elementor-widget-container\">\n\t\t\t\t\t\t\t\t\t<p><strong>Premi\u00e8re inscription \u00e0 un cours ?<\/strong><br \/>Nous proposons 2 services et 2 salles dans notre studio. Pour les descriptions de nos cours de fitness, <a href=\"https:\/\/bxstudio.mtom-creation.dev\/fr\/cours\/\"><span style=\"color: #9cac9e;\"><strong>cliquez ici<\/strong><\/span><\/a>.<br \/>Pour les descriptions de nos cours de Pilates sur Reformer, cliquez <a href=\"https:\/\/bxstudio.mtom-creation.dev\/fr\/cours-de-pilates-sur-reformer\/\"><span style=\"color: #9cac9e;\"><strong>ici<\/strong><\/span><\/a>.<br \/>Achetez vos cours d&rsquo;introduction sur la page \u00ab\u00a0<span style=\"color: #9cac9e;\"><a style=\"color: #9cac9e;\" href=\"https:\/\/bxstudio.mtom-creation.dev\/fr\/tarifs\/\"><strong>Tarifs et forfaits<\/strong><\/a><\/span>\u00a0\u00bb et inscrivez-vous.<\/p>\n<p><strong>Vous avez d\u00e9j\u00e0 achet\u00e9 des cours ?<\/strong> Inscrivez-vous simplement.<\/p>\n<p><strong>Vous recherchez un moyen plus efficace de r\u00e9server vos cours ? <a href=\"https:\/\/www.mindbodyonline.com\/explore\/locations\/bx-studio\" target=\"_blank\" rel=\"noopener\"><span style=\"color: #9cac9e;\">T\u00e9l\u00e9chargez l&rsquo;application Mindbody<\/span><\/a><\/strong> !<\/p>\n\t\t\t\t\t\t\t\t<\/div>\n\t\t\t\t<\/div>\n\t\t<div class=\"elementor-element elementor-element-82ba8c4 e-flex e-con-boxed e-con e-child\" data-id=\"82ba8c4\" data-element_type=\"container\" data-settings=\"{&quot;jet_parallax_layout_list&quot;:[]}\">\n\t\t\t\t\t<div class=\"e-con-inner\">\n\t\t<div class=\"elementor-element elementor-element-805b21e e-flex e-con-boxed e-con e-child\" data-id=\"805b21e\" data-element_type=\"container\" data-settings=\"{&quot;jet_parallax_layout_list&quot;:[]}\">\n\t\t\t\t\t<div class=\"e-con-inner\">\n\t\t\t\t<div class=\"elementor-element elementor-element-10b9292 elementor-widget elementor-widget-jet-button\" data-id=\"10b9292\" data-element_type=\"widget\" data-widget_type=\"jet-button.default\">\n\t\t\t\t<div class=\"elementor-widget-container\">\n\t\t\t\t\t<div class=\"elementor-jet-button jet-elements\"><div class=\"jet-button__container\">\n\t<a class=\"jet-button__instance jet-button__instance--icon-left hover-effect-0\" href=\"https:\/\/bxstudio.ca\/wp-content\/uploads\/2026\/02\/Bx-Studio-Spring-2026-FITNESS.pdf\" target=\"_blank\">\n\t\t<div class=\"jet-button__plane jet-button__plane-normal\"><\/div>\n\t\t<div class=\"jet-button__plane jet-button__plane-hover\"><\/div>\n\t\t<div class=\"jet-button__state jet-button__state-normal\">\n\t\t\t<span class=\"jet-button__label\">Horaires cours de fitness<\/span>\t\t<\/div>\n\t\t<div class=\"jet-button__state jet-button__state-hover\">\n\t\t\t<span class=\"jet-button__label\">T\u00e9l\u00e9charger<\/span>\t\t<\/div>\n\t<\/a>\n<\/div>\n<\/div>\t\t\t\t<\/div>\n\t\t\t\t<\/div>\n\t\t\t\t\t<\/div>\n\t\t\t\t<\/div>\n\t\t<div class=\"elementor-element elementor-element-4be6814 e-flex e-con-boxed e-con e-child\" data-id=\"4be6814\" data-element_type=\"container\" data-settings=\"{&quot;jet_parallax_layout_list&quot;:[]}\">\n\t\t\t\t\t<div class=\"e-con-inner\">\n\t\t\t\t<div class=\"elementor-element elementor-element-3a98b74 elementor-widget elementor-widget-jet-button\" data-id=\"3a98b74\" data-element_type=\"widget\" data-widget_type=\"jet-button.default\">\n\t\t\t\t<div class=\"elementor-widget-container\">\n\t\t\t\t\t<div class=\"elementor-jet-button jet-elements\"><div class=\"jet-button__container\">\n\t<a class=\"jet-button__instance jet-button__instance--icon-left hover-effect-0\" href=\"https:\/\/bxstudio.ca\/wp-content\/uploads\/2026\/02\/Bx-Studio-Spring-2026-LAVAL-.pdf\" target=\"_blank\">\n\t\t<div class=\"jet-button__plane jet-button__plane-normal\"><\/div>\n\t\t<div class=\"jet-button__plane jet-button__plane-hover\"><\/div>\n\t\t<div class=\"jet-button__state jet-button__state-normal\">\n\t\t\t<span class=\"jet-button__label\">Horaires Pilates sur Reformer<\/span>\t\t<\/div>\n\t\t<div class=\"jet-button__state jet-button__state-hover\">\n\t\t\t<span class=\"jet-button__label\">T\u00e9l\u00e9charger<\/span>\t\t<\/div>\n\t<\/a>\n<\/div>\n<\/div>\t\t\t\t<\/div>\n\t\t\t\t<\/div>\n\t\t\t\t\t<\/div>\n\t\t\t\t<\/div>\n\t\t\t\t\t<\/div>\n\t\t\t\t<\/div>\n\t\t\t\t<div class=\"elementor-element elementor-element-3d94529 elementor-widget elementor-widget-text-editor\" data-id=\"3d94529\" data-element_type=\"widget\" data-widget_type=\"text-editor.default\">\n\t\t\t\t<div class=\"elementor-widget-container\">\n\t\t\t\t\t\t\t\t\t<p><strong>\ud83e\udde6 Les chaussettes antid\u00e9rapantes, sont obligatoires pour tous les cours.<\/strong><\/p>\t\t\t\t\t\t\t\t<\/div>\n\t\t\t\t<\/div>\n\t\t\t\t<div class=\"elementor-element elementor-element-3ff1d3a elementor-widget elementor-widget-html\" data-id=\"3ff1d3a\" data-element_type=\"widget\" data-widget_type=\"html.default\">\n\t\t\t\t<div class=\"elementor-widget-container\">\n\t\t\t\t\t<!-- Mindbody Schedules widget begin -->\n<div class=\"mindbody-widget\" data-widget-type=\"Schedules\" data-widget-id=\"1c26279fba4\"><\/div>\n<script async src=\"https:\/\/brandedweb.mindbodyonline.com\/embed\/widget.js\"><\/script>\n<!-- Mindbody Schedules widget end -->\t\t\t\t<\/div>\n\t\t\t\t<\/div>\n\t\t\t\t<\/div>\n\t\t\t\t\t<\/div>\n\t\t\t\t<\/div>\n\t\t<div class=\"elementor-element elementor-element-d6f6bff elementor-hidden-desktop elementor-hidden-tablet elementor-hidden-mobile e-flex e-con-boxed e-con e-parent\" data-id=\"d6f6bff\" data-element_type=\"container\" data-settings=\"{&quot;jet_parallax_layout_list&quot;:[]}\">\n\t\t\t\t\t<div class=\"e-con-inner\">\n\t\t<div class=\"elementor-element elementor-element-de55f06 e-con-full e-flex e-con e-child\" data-id=\"de55f06\" data-element_type=\"container\" data-settings=\"{&quot;jet_parallax_layout_list&quot;:[]}\">\n\t\t\t\t<div class=\"elementor-element elementor-element-de7599a elementor-widget elementor-widget-heading\" data-id=\"de7599a\" data-element_type=\"widget\" data-widget_type=\"heading.default\">\n\t\t\t\t<div class=\"elementor-widget-container\">\n\t\t\t\t\t<h2 class=\"elementor-heading-title elementor-size-default\">Reformer Pilates \/ Entra\u00eenement priv\u00e9<\/h2>\t\t\t\t<\/div>\n\t\t\t\t<\/div>\n\t\t\t\t<div class=\"elementor-element elementor-element-e000b0d elementor-widget elementor-widget-html\" data-id=\"e000b0d\" data-element_type=\"widget\" data-widget_type=\"html.default\">\n\t\t\t\t<div class=\"elementor-widget-container\">\n\t\t\t\t\t<script src=\"https:\/\/widgets.mindbodyonline.com\/javascripts\/healcode.js\" type=\"text\/javascript\"><\/script><br><br><healcode-widget data-type=\"appointments\" data-widget-partner=\"object\" data-widget-id=\"1c96950fba4\" data-widget-version=\"0\" ><\/healcode-widget>\t\t\t\t<\/div>\n\t\t\t\t<\/div>\n\t\t\t\t<\/div>\n\t\t\t\t\t<\/div>\n\t\t\t\t<\/div>\n\t\t\t\t<\/div>\n\t\t","protected":false},"excerpt":{"rendered":"<p>Horaires Laval Pr\u00e9avis de 24 heures avant l&rsquo;annulation d&rsquo;un cours. Toute annulation effectu\u00e9e moins de 24 heures \u00e0 l&rsquo;avance entra\u00eenera la perte du cours. Avec nos abonnements \u00a0illimit\u00e9es, des frais suppl\u00e9mentaires de 15 $ seront factur\u00e9s en cas de \u00ab\u00a0no show\u00a0\u00bb. \u00c9tant donn\u00e9 que nous sommes un petit studio, nous souhaitons donner \u00e0 chacun l&rsquo;opportunit\u00e9 [&hellip;]<\/p>\n","protected":false},"author":1,"featured_media":0,"parent":0,"menu_order":0,"comment_status":"closed","ping_status":"closed","template":"","meta":{"site-sidebar-layout":"no-sidebar","site-content-layout":"page-builder","ast-site-content-layout":"default","site-content-style":"default","site-sidebar-style":"default","ast-global-header-display":"","ast-banner-title-visibility":"","ast-main-header-display":"","ast-hfb-above-header-display":"","ast-hfb-below-header-display":"","ast-hfb-mobile-header-display":"","site-post-title":"disabled","ast-breadcrumbs-content":"","ast-featured-img":"disabled","footer-sml-layout":"","ast-disable-related-posts":"","theme-transparent-header-meta":"default","adv-header-id-meta":"","stick-header-meta":"","header-above-stick-meta":"","header-main-stick-meta":"","header-below-stick-meta":"","astra-migrate-meta-layouts":"default","ast-page-background-enabled":"default","ast-page-background-meta":{"desktop":{"background-color":"","background-image":"","background-repeat":"repeat","background-position":"center center","background-size":"auto","background-attachment":"scroll","background-type":"","background-media":"","overlay-type":"","overlay-color":"","overlay-opacity":"","overlay-gradient":""},"tablet":{"background-color":"","background-image":"","background-repeat":"repeat","background-position":"center center","background-size":"auto","background-attachment":"scroll","background-type":"","background-media":"","overlay-type":"","overlay-color":"","overlay-opacity":"","overlay-gradient":""},"mobile":{"background-color":"","background-image":"","background-repeat":"repeat","background-position":"center center","background-size":"auto","background-attachment":"scroll","background-type":"","background-media":"","overlay-type":"","overlay-color":"","overlay-opacity":"","overlay-gradient":""}},"ast-content-background-meta":{"desktop":{"background-color":"var(--ast-global-color-5)","background-image":"","background-repeat":"repeat","background-position":"center center","background-size":"auto","background-attachment":"scroll","background-type":"","background-media":"","overlay-type":"","overlay-color":"","overlay-opacity":"","overlay-gradient":""},"tablet":{"background-color":"var(--ast-global-color-5)","background-image":"","background-repeat":"repeat","background-position":"center center","background-size":"auto","background-attachment":"scroll","background-type":"","background-media":"","overlay-type":"","overlay-color":"","overlay-opacity":"","overlay-gradient":""},"mobile":{"background-color":"var(--ast-global-color-5)","background-image":"","background-repeat":"repeat","background-position":"center center","background-size":"auto","background-attachment":"scroll","background-type":"","background-media":"","overlay-type":"","overlay-color":"","overlay-opacity":"","overlay-gradient":""}},"footnotes":""},"class_list":["post-456","page","type-page","status-publish","hentry"],"yoast_head":"<!-- This site is optimized with the Yoast SEO plugin v27.4 - https:\/\/yoast.com\/product\/yoast-seo-wordpress\/ -->\n<title>Horaires Laval des cours | B\u02e3 Studio, fitness, barre et boxe \u00e0 Laval<\/title>\n<meta name=\"description\" content=\"Planifiez votre cours de fitness \u00e0 Laval. Notre studio propose 20 cours hebdomadaires de Pilates, Barre, Boxe, HIIT et Body Circuit.\" \/>\n<meta name=\"robots\" content=\"index, follow, max-snippet:-1, max-image-preview:large, max-video-preview:-1\" \/>\n<link rel=\"canonical\" href=\"https:\/\/bxstudio.ca\/fr\/horaires\/\" \/>\n<meta property=\"og:locale\" content=\"fr_FR\" \/>\n<meta property=\"og:type\" content=\"article\" \/>\n<meta property=\"og:title\" content=\"Horaires Laval des cours | B\u02e3 Studio, fitness, barre et boxe \u00e0 Laval\" \/>\n<meta property=\"og:description\" content=\"Planifiez votre cours de fitness \u00e0 Laval. Notre studio propose 20 cours hebdomadaires de Pilates, Barre, Boxe, HIIT et Body Circuit.\" \/>\n<meta property=\"og:url\" content=\"https:\/\/bxstudio.ca\/fr\/horaires\/\" \/>\n<meta property=\"og:site_name\" content=\"Bx Studio | Pilates, fitness, barre and boxe\" \/>\n<meta property=\"article:modified_time\" content=\"2026-02-23T04:28:28+00:00\" \/>\n<meta property=\"og:image\" content=\"https:\/\/bxstudio.ca\/wp-content\/uploads\/2023\/05\/Power-Yoga-1024x682.jpg\" \/>\n<meta name=\"twitter:card\" content=\"summary_large_image\" \/>\n<meta name=\"twitter:label1\" content=\"Dur\u00e9e de lecture estim\u00e9e\" \/>\n\t<meta name=\"twitter:data1\" content=\"11 minutes\" \/>\n<script type=\"application\/ld+json\" class=\"yoast-schema-graph\">{\"@context\":\"https:\\\/\\\/schema.org\",\"@graph\":[{\"@type\":\"WebPage\",\"@id\":\"https:\\\/\\\/bxstudio.ca\\\/fr\\\/horaires\\\/\",\"url\":\"https:\\\/\\\/bxstudio.ca\\\/fr\\\/horaires\\\/\",\"name\":\"Horaires Laval des cours | B\u02e3 Studio, fitness, barre et boxe \u00e0 Laval\",\"isPartOf\":{\"@id\":\"https:\\\/\\\/bxstudio.ca\\\/#website\"},\"datePublished\":\"2019-06-21T15:28:05+00:00\",\"dateModified\":\"2026-02-23T04:28:28+00:00\",\"description\":\"Planifiez votre cours de fitness \u00e0 Laval. Notre studio propose 20 cours hebdomadaires de Pilates, Barre, Boxe, HIIT et Body Circuit.\",\"breadcrumb\":{\"@id\":\"https:\\\/\\\/bxstudio.ca\\\/fr\\\/horaires\\\/#breadcrumb\"},\"inLanguage\":\"fr-FR\",\"potentialAction\":[{\"@type\":\"ReadAction\",\"target\":[\"https:\\\/\\\/bxstudio.ca\\\/fr\\\/horaires\\\/\"]}]},{\"@type\":\"BreadcrumbList\",\"@id\":\"https:\\\/\\\/bxstudio.ca\\\/fr\\\/horaires\\\/#breadcrumb\",\"itemListElement\":[{\"@type\":\"ListItem\",\"position\":1,\"name\":\"Home\",\"item\":\"https:\\\/\\\/bxstudio.ca\\\/\"},{\"@type\":\"ListItem\",\"position\":2,\"name\":\"Horaires Laval\"}]},{\"@type\":\"WebSite\",\"@id\":\"https:\\\/\\\/bxstudio.ca\\\/#website\",\"url\":\"https:\\\/\\\/bxstudio.ca\\\/\",\"name\":\"Bx Studio | Pilates, fitness, barre and boxe\",\"description\":\"\",\"publisher\":{\"@id\":\"https:\\\/\\\/bxstudio.ca\\\/#organization\"},\"potentialAction\":[{\"@type\":\"SearchAction\",\"target\":{\"@type\":\"EntryPoint\",\"urlTemplate\":\"https:\\\/\\\/bxstudio.ca\\\/?s={search_term_string}\"},\"query-input\":{\"@type\":\"PropertyValueSpecification\",\"valueRequired\":true,\"valueName\":\"search_term_string\"}}],\"inLanguage\":\"fr-FR\"},{\"@type\":\"Organization\",\"@id\":\"https:\\\/\\\/bxstudio.ca\\\/#organization\",\"name\":\"B\u02e3 Studio, salle de fitness \u00e0 Montr\u00e9al.\",\"url\":\"https:\\\/\\\/bxstudio.ca\\\/\",\"logo\":{\"@type\":\"ImageObject\",\"inLanguage\":\"fr-FR\",\"@id\":\"https:\\\/\\\/bxstudio.ca\\\/#\\\/schema\\\/logo\\\/image\\\/\",\"url\":\"https:\\\/\\\/bxstudio.ca\\\/wp-content\\\/uploads\\\/2020\\\/05\\\/BLACK-LOGO-scaled.png\",\"contentUrl\":\"https:\\\/\\\/bxstudio.ca\\\/wp-content\\\/uploads\\\/2020\\\/05\\\/BLACK-LOGO-scaled.png\",\"width\":2560,\"height\":1851,\"caption\":\"B\u02e3 Studio, salle de fitness \u00e0 Montr\u00e9al.\"},\"image\":{\"@id\":\"https:\\\/\\\/bxstudio.ca\\\/#\\\/schema\\\/logo\\\/image\\\/\"}}]}<\/script>\n<!-- \/ Yoast SEO plugin. -->","yoast_head_json":{"title":"Horaires Laval des cours | B\u02e3 Studio, fitness, barre et boxe \u00e0 Laval","description":"Planifiez votre cours de fitness \u00e0 Laval. Notre studio propose 20 cours hebdomadaires de Pilates, Barre, Boxe, HIIT et Body Circuit.","robots":{"index":"index","follow":"follow","max-snippet":"max-snippet:-1","max-image-preview":"max-image-preview:large","max-video-preview":"max-video-preview:-1"},"canonical":"https:\/\/bxstudio.ca\/fr\/horaires\/","og_locale":"fr_FR","og_type":"article","og_title":"Horaires Laval des cours | B\u02e3 Studio, fitness, barre et boxe \u00e0 Laval","og_description":"Planifiez votre cours de fitness \u00e0 Laval. Notre studio propose 20 cours hebdomadaires de Pilates, Barre, Boxe, HIIT et Body Circuit.","og_url":"https:\/\/bxstudio.ca\/fr\/horaires\/","og_site_name":"Bx Studio | Pilates, fitness, barre and boxe","article_modified_time":"2026-02-23T04:28:28+00:00","og_image":[{"url":"https:\/\/bxstudio.ca\/wp-content\/uploads\/2023\/05\/Power-Yoga-1024x682.jpg","type":"","width":"","height":""}],"twitter_card":"summary_large_image","twitter_misc":{"Dur\u00e9e de lecture estim\u00e9e":"11 minutes"},"schema":{"@context":"https:\/\/schema.org","@graph":[{"@type":"WebPage","@id":"https:\/\/bxstudio.ca\/fr\/horaires\/","url":"https:\/\/bxstudio.ca\/fr\/horaires\/","name":"Horaires Laval des cours | B\u02e3 Studio, fitness, barre et boxe \u00e0 Laval","isPartOf":{"@id":"https:\/\/bxstudio.ca\/#website"},"datePublished":"2019-06-21T15:28:05+00:00","dateModified":"2026-02-23T04:28:28+00:00","description":"Planifiez votre cours de fitness \u00e0 Laval. Notre studio propose 20 cours hebdomadaires de Pilates, Barre, Boxe, HIIT et Body Circuit.","breadcrumb":{"@id":"https:\/\/bxstudio.ca\/fr\/horaires\/#breadcrumb"},"inLanguage":"fr-FR","potentialAction":[{"@type":"ReadAction","target":["https:\/\/bxstudio.ca\/fr\/horaires\/"]}]},{"@type":"BreadcrumbList","@id":"https:\/\/bxstudio.ca\/fr\/horaires\/#breadcrumb","itemListElement":[{"@type":"ListItem","position":1,"name":"Home","item":"https:\/\/bxstudio.ca\/"},{"@type":"ListItem","position":2,"name":"Horaires Laval"}]},{"@type":"WebSite","@id":"https:\/\/bxstudio.ca\/#website","url":"https:\/\/bxstudio.ca\/","name":"Bx Studio | Pilates, fitness, barre and boxe","description":"","publisher":{"@id":"https:\/\/bxstudio.ca\/#organization"},"potentialAction":[{"@type":"SearchAction","target":{"@type":"EntryPoint","urlTemplate":"https:\/\/bxstudio.ca\/?s={search_term_string}"},"query-input":{"@type":"PropertyValueSpecification","valueRequired":true,"valueName":"search_term_string"}}],"inLanguage":"fr-FR"},{"@type":"Organization","@id":"https:\/\/bxstudio.ca\/#organization","name":"B\u02e3 Studio, salle de fitness \u00e0 Montr\u00e9al.","url":"https:\/\/bxstudio.ca\/","logo":{"@type":"ImageObject","inLanguage":"fr-FR","@id":"https:\/\/bxstudio.ca\/#\/schema\/logo\/image\/","url":"https:\/\/bxstudio.ca\/wp-content\/uploads\/2020\/05\/BLACK-LOGO-scaled.png","contentUrl":"https:\/\/bxstudio.ca\/wp-content\/uploads\/2020\/05\/BLACK-LOGO-scaled.png","width":2560,"height":1851,"caption":"B\u02e3 Studio, salle de fitness \u00e0 Montr\u00e9al."},"image":{"@id":"https:\/\/bxstudio.ca\/#\/schema\/logo\/image\/"}}]}},"_links":{"self":[{"href":"https:\/\/bxstudio.ca\/fr\/wp-json\/wp\/v2\/pages\/456","targetHints":{"allow":["GET"]}}],"collection":[{"href":"https:\/\/bxstudio.ca\/fr\/wp-json\/wp\/v2\/pages"}],"about":[{"href":"https:\/\/bxstudio.ca\/fr\/wp-json\/wp\/v2\/types\/page"}],"author":[{"embeddable":true,"href":"https:\/\/bxstudio.ca\/fr\/wp-json\/wp\/v2\/users\/1"}],"replies":[{"embeddable":true,"href":"https:\/\/bxstudio.ca\/fr\/wp-json\/wp\/v2\/comments?post=456"}],"version-history":[{"count":25,"href":"https:\/\/bxstudio.ca\/fr\/wp-json\/wp\/v2\/pages\/456\/revisions"}],"predecessor-version":[{"id":6508,"href":"https:\/\/bxstudio.ca\/fr\/wp-json\/wp\/v2\/pages\/456\/revisions\/6508"}],"wp:attachment":[{"href":"https:\/\/bxstudio.ca\/fr\/wp-json\/wp\/v2\/media?parent=456"}],"curies":[{"name":"wp","href":"https:\/\/api.w.org\/{rel}","templated":true}]}}