{"id":5911,"date":"2025-05-30T02:59:11","date_gmt":"2025-05-30T07:59:11","guid":{"rendered":"https:\/\/bxstudio.ca\/horaires-bois-franc\/"},"modified":"2026-02-22T23:27:08","modified_gmt":"2026-02-23T04:27:08","slug":"horaires-bois-franc","status":"publish","type":"page","link":"https:\/\/bxstudio.ca\/fr\/horaires-bois-franc\/","title":{"rendered":"Horaires Bois Franc"},"content":{"rendered":"\t\t<div data-elementor-type=\"wp-page\" data-elementor-id=\"5911\" class=\"elementor elementor-5911 elementor-5648\" data-elementor-post-type=\"page\">\n\t\t\t\t<div class=\"elementor-element elementor-element-e7cb910 e-flex e-con-boxed elementor-invisible e-con e-parent\" data-id=\"e7cb910\" data-element_type=\"container\" data-settings=\"{&quot;background_background&quot;:&quot;classic&quot;,&quot;background_motion_fx_motion_fx_scrolling&quot;:&quot;yes&quot;,&quot;animation&quot;:&quot;fadeIn&quot;,&quot;jet_parallax_layout_list&quot;:[],&quot;background_motion_fx_devices&quot;:[&quot;desktop&quot;,&quot;tablet&quot;,&quot;mobile&quot;]}\">\n\t\t\t\t\t<div class=\"e-con-inner\">\n\t\t<div class=\"elementor-element elementor-element-a3d4bbd e-con-full e-flex e-con e-child\" data-id=\"a3d4bbd\" data-element_type=\"container\" data-settings=\"{&quot;jet_parallax_layout_list&quot;:[]}\">\n\t\t\t\t<div class=\"elementor-element elementor-element-64d3364 elementor-widget elementor-widget-heading\" data-id=\"64d3364\" data-element_type=\"widget\" data-widget_type=\"heading.default\">\n\t\t\t\t<div class=\"elementor-widget-container\">\n\t\t\t\t\t<h1 class=\"elementor-heading-title elementor-size-default\">Horaires de Bois-Franc ( Montr\u00e9al)<\/h1>\t\t\t\t<\/div>\n\t\t\t\t<\/div>\n\t\t\t\t<\/div>\n\t\t\t\t\t<\/div>\n\t\t\t\t<\/div>\n\t\t<div class=\"elementor-element elementor-element-59e228c e-flex e-con-boxed e-con e-parent\" data-id=\"59e228c\" data-element_type=\"container\" data-settings=\"{&quot;jet_parallax_layout_list&quot;:[]}\">\n\t\t\t\t\t<div class=\"e-con-inner\">\n\t\t\t\t<div class=\"elementor-element elementor-element-c7cbdf8 elementor-widget elementor-widget-text-editor\" data-id=\"c7cbdf8\" data-element_type=\"widget\" data-widget_type=\"text-editor.default\">\n\t\t\t\t<div class=\"elementor-widget-container\">\n\t\t\t\t\t\t\t\t\t<div class=\"elementor-element elementor-element-2bf0306 e-flex e-con-boxed e-con e-parent e-lazyloaded\" data-id=\"2bf0306\" data-element_type=\"container\" data-settings=\"{&quot;jet_parallax_layout_list&quot;:[]}\">\n<div class=\"e-con-inner\">\n<div class=\"elementor-element elementor-element-0c3d723 elementor-widget elementor-widget-text-editor is-mac\" data-id=\"0c3d723\" data-element_type=\"widget\" data-widget_type=\"text-editor.default\">\n<div class=\"elementor-widget-container\">\n<p><strong>Pr\u00e9avis de 24 heures avant l\u2019annulation d\u2019un cours. Toute annulation effectu\u00e9e moins de 24 heures \u00e0 l\u2019avance entra\u00eenera la perte du cours. Avec nos abonnements \u00a0illimit\u00e9es, des frais suppl\u00e9mentaires de 15 $ seront factur\u00e9s en cas de \u00ab\u00a0no show\u00a0\u00bb. \u00c9tant donn\u00e9 que nous sommes un petit studio, nous souhaitons donner \u00e0 chacun l\u2019opportunit\u00e9 de pratiquer avec nous, avec un d\u00e9lai d\u2019annulation raisonnable.<\/strong><\/p>\n<p><strong>\ud83e\udde6 Les chaussettes sont obligatoires pour tous les cours.<\/strong><\/p>\n<\/div>\n<p><\/div>\n<p><\/div>\n<p><\/div>\n<p><\/p>\n<div class=\"elementor-element elementor-element-86b7f8c e-flex e-con-boxed e-con e-parent e-lazyloaded\" data-id=\"86b7f8c\" data-element_type=\"container\" data-settings=\"{&quot;jet_parallax_layout_list&quot;:[]}\">\n<div class=\"e-con-inner\">\n<div class=\"elementor-element elementor-element-e978074 e-con-full e-flex e-con e-child\" data-id=\"e978074\" data-element_type=\"container\" data-settings=\"{&quot;jet_parallax_layout_list&quot;:[]}\">\n<div class=\"elementor-element elementor-element-4397f85 elementor-widget elementor-widget-text-editor is-mac\" data-id=\"4397f85\" data-element_type=\"widget\" data-widget_type=\"text-editor.default\">\n<div class=\"elementor-widget-container\">\n<p><strong>Premi\u00e8re inscription \u00e0 un cours ?<\/strong><br \/>\nNous proposons 2 services et 2 salles dans notre studio. Pour les descriptions de nos cours de fitness,\u00a0<a href=\"https:\/\/bxstudio.mtom-creation.dev\/fr\/cours\/\"><strong>cliquez ici<\/strong><\/a>.<br \/>\nPour les descriptions de nos cours de Pilates sur Reformer, cliquez\u00a0<a href=\"https:\/\/bxstudio.mtom-creation.dev\/fr\/cours-de-pilates-sur-reformer\/\"><strong>ici<\/strong><\/a>.<br \/>\nAchetez vos cours d\u2019introduction sur la page \u00ab\u00a0<a href=\"https:\/\/bxstudio.mtom-creation.dev\/fr\/tarifs\/\"><strong>Tarifs et forfaits<\/strong><\/a>\u00a0\u00bb et inscrivez-vous.<\/p>\n<p><strong>Vous avez d\u00e9j\u00e0 achet\u00e9 des cours ?<\/strong>\u00a0Inscrivez-vous simplement.<\/p>\n<p><strong>Vous recherchez un moyen plus efficace de r\u00e9server vos cours ?\u00a0<a href=\"https:\/\/www.mindbodyonline.com\/explore\/locations\/bx-studio\" target=\"_blank\" rel=\"noopener\">T\u00e9l\u00e9chargez l\u2019application Mindbody<\/a><\/strong>\u00a0!<\/p>\n<\/div>\n<p><\/div>\n<p><\/div>\n<p><\/div>\n<p><\/div>\n\t\t\t\t\t\t\t\t<\/div>\n\t\t\t\t<\/div>\n\t\t<div class=\"elementor-element elementor-element-e371e03 e-con-full e-flex e-con e-child\" data-id=\"e371e03\" data-element_type=\"container\" data-settings=\"{&quot;jet_parallax_layout_list&quot;:[]}\">\n\t\t\t\t<div class=\"elementor-element elementor-element-efb8488 elementor-widget elementor-widget-jet-button\" data-id=\"efb8488\" data-element_type=\"widget\" data-widget_type=\"jet-button.default\">\n\t\t\t\t<div class=\"elementor-widget-container\">\n\t\t\t\t\t<div class=\"elementor-jet-button jet-elements\"><div class=\"jet-button__container\">\n\t<a class=\"jet-button__instance jet-button__instance--icon-left hover-effect-0\" href=\"https:\/\/bxstudio.ca\/wp-content\/uploads\/2026\/02\/Bx-Studio-Spring-2026-Bois-franc.pdf\" target=\"_blank\">\n\t\t<div class=\"jet-button__plane jet-button__plane-normal\"><\/div>\n\t\t<div class=\"jet-button__plane jet-button__plane-hover\"><\/div>\n\t\t<div class=\"jet-button__state jet-button__state-normal\">\n\t\t\t<span class=\"jet-button__label\">Programme Reformer + Chaise Pilates<\/span>\t\t<\/div>\n\t\t<div class=\"jet-button__state jet-button__state-hover\">\n\t\t\t<span class=\"jet-button__label\">T\u00e9l\u00e9charger<\/span>\t\t<\/div>\n\t<\/a>\n<\/div>\n<\/div>\t\t\t\t<\/div>\n\t\t\t\t<\/div>\n\t\t\t\t<\/div>\n\t\t\t\t\t<\/div>\n\t\t\t\t<\/div>\n\t\t<div class=\"elementor-element elementor-element-2dc62ab e-flex e-con-boxed e-con e-parent\" data-id=\"2dc62ab\" data-element_type=\"container\" data-settings=\"{&quot;jet_parallax_layout_list&quot;:[]}\">\n\t\t\t\t\t<div class=\"e-con-inner\">\n\t\t\t\t<div class=\"elementor-element elementor-element-beabd67 elementor-widget elementor-widget-html\" data-id=\"beabd67\" data-element_type=\"widget\" data-widget_type=\"html.default\">\n\t\t\t\t<div class=\"elementor-widget-container\">\n\t\t\t\t\t<!-- Mindbody Schedules widget begin --><br><div class=\"mindbody-widget\" data-widget-type=\"Schedules\" data-widget-id=\"1c26280fba4\"><\/div><br><script async src=\"https:\/\/brandedweb.mindbodyonline.com\/embed\/widget.js\"><\/script><br><!-- Mindbody Schedules widget end -->\t\t\t\t<\/div>\n\t\t\t\t<\/div>\n\t\t\t\t\t<\/div>\n\t\t\t\t<\/div>\n\t\t\t\t<\/div>\n\t\t","protected":false},"excerpt":{"rendered":"<p>Horaires de Bois-Franc ( Montr\u00e9al) Pr\u00e9avis de 24 heures avant l\u2019annulation d\u2019un cours. Toute annulation effectu\u00e9e moins de 24 heures \u00e0 l\u2019avance entra\u00eenera la perte du cours. Avec nos abonnements \u00a0illimit\u00e9es, des frais suppl\u00e9mentaires de 15 $ seront factur\u00e9s en cas de \u00ab\u00a0no show\u00a0\u00bb. \u00c9tant donn\u00e9 que nous sommes un petit studio, nous souhaitons donner [&hellip;]<\/p>\n","protected":false},"author":1,"featured_media":0,"parent":0,"menu_order":0,"comment_status":"closed","ping_status":"closed","template":"","meta":{"site-sidebar-layout":"no-sidebar","site-content-layout":"page-builder","ast-site-content-layout":"full-width-container","site-content-style":"unboxed","site-sidebar-style":"unboxed","ast-global-header-display":"","ast-banner-title-visibility":"","ast-main-header-display":"","ast-hfb-above-header-display":"","ast-hfb-below-header-display":"","ast-hfb-mobile-header-display":"","site-post-title":"disabled","ast-breadcrumbs-content":"","ast-featured-img":"disabled","footer-sml-layout":"","ast-disable-related-posts":"","theme-transparent-header-meta":"default","adv-header-id-meta":"","stick-header-meta":"","header-above-stick-meta":"","header-main-stick-meta":"","header-below-stick-meta":"","astra-migrate-meta-layouts":"default","ast-page-background-enabled":"default","ast-page-background-meta":{"desktop":{"background-color":"","background-image":"","background-repeat":"repeat","background-position":"center center","background-size":"auto","background-attachment":"scroll","background-type":"","background-media":"","overlay-type":"","overlay-color":"","overlay-opacity":"","overlay-gradient":""},"tablet":{"background-color":"","background-image":"","background-repeat":"repeat","background-position":"center center","background-size":"auto","background-attachment":"scroll","background-type":"","background-media":"","overlay-type":"","overlay-color":"","overlay-opacity":"","overlay-gradient":""},"mobile":{"background-color":"","background-image":"","background-repeat":"repeat","background-position":"center center","background-size":"auto","background-attachment":"scroll","background-type":"","background-media":"","overlay-type":"","overlay-color":"","overlay-opacity":"","overlay-gradient":""}},"ast-content-background-meta":{"desktop":{"background-color":"var(--ast-global-color-5)","background-image":"","background-repeat":"repeat","background-position":"center center","background-size":"auto","background-attachment":"scroll","background-type":"","background-media":"","overlay-type":"","overlay-color":"","overlay-opacity":"","overlay-gradient":""},"tablet":{"background-color":"var(--ast-global-color-5)","background-image":"","background-repeat":"repeat","background-position":"center center","background-size":"auto","background-attachment":"scroll","background-type":"","background-media":"","overlay-type":"","overlay-color":"","overlay-opacity":"","overlay-gradient":""},"mobile":{"background-color":"var(--ast-global-color-5)","background-image":"","background-repeat":"repeat","background-position":"center center","background-size":"auto","background-attachment":"scroll","background-type":"","background-media":"","overlay-type":"","overlay-color":"","overlay-opacity":"","overlay-gradient":""}},"footnotes":""},"class_list":["post-5911","page","type-page","status-publish","hentry"],"yoast_head":"<!-- This site is optimized with the Yoast SEO plugin v27.4 - https:\/\/yoast.com\/product\/yoast-seo-wordpress\/ -->\n<title>Horaire Bois-Franc | Reformer Pilates Montr\u00e9al<\/title>\n<meta name=\"description\" content=\"D\u00e9couvrez les heures d&#039;ouverture de notre nouveau studio de Pilates Reformer \u00e0 Bois-Franc, Montr\u00e9al. Reformer Pilates Montr\u00e9al.\" \/>\n<meta name=\"robots\" content=\"index, follow, max-snippet:-1, max-image-preview:large, max-video-preview:-1\" \/>\n<link rel=\"canonical\" href=\"https:\/\/bxstudio.ca\/fr\/horaires-bois-franc\/\" \/>\n<meta property=\"og:locale\" content=\"fr_FR\" \/>\n<meta property=\"og:type\" content=\"article\" \/>\n<meta property=\"og:title\" content=\"Horaire Bois-Franc | Reformer Pilates Montr\u00e9al\" \/>\n<meta property=\"og:description\" content=\"D\u00e9couvrez les heures d&#039;ouverture de notre nouveau studio de Pilates Reformer \u00e0 Bois-Franc, Montr\u00e9al. Reformer Pilates Montr\u00e9al.\" \/>\n<meta property=\"og:url\" content=\"https:\/\/bxstudio.ca\/fr\/horaires-bois-franc\/\" \/>\n<meta property=\"og:site_name\" content=\"Bx Studio | Pilates, fitness, barre and boxe\" \/>\n<meta property=\"article:modified_time\" content=\"2026-02-23T04:27:08+00:00\" \/>\n<meta property=\"og:image\" content=\"https:\/\/bxstudio.ca\/wp-content\/uploads\/2025\/05\/WR-51-200x300.jpg\" \/>\n<meta name=\"twitter:card\" content=\"summary_large_image\" \/>\n<meta name=\"twitter:label1\" content=\"Dur\u00e9e de lecture estim\u00e9e\" \/>\n\t<meta name=\"twitter:data1\" content=\"1 minute\" \/>\n<script type=\"application\/ld+json\" class=\"yoast-schema-graph\">{\"@context\":\"https:\\\/\\\/schema.org\",\"@graph\":[{\"@type\":\"WebPage\",\"@id\":\"https:\\\/\\\/bxstudio.ca\\\/fr\\\/horaires-bois-franc\\\/\",\"url\":\"https:\\\/\\\/bxstudio.ca\\\/fr\\\/horaires-bois-franc\\\/\",\"name\":\"Horaire Bois-Franc | Reformer Pilates Montr\u00e9al\",\"isPartOf\":{\"@id\":\"https:\\\/\\\/bxstudio.ca\\\/#website\"},\"datePublished\":\"2025-05-30T07:59:11+00:00\",\"dateModified\":\"2026-02-23T04:27:08+00:00\",\"description\":\"D\u00e9couvrez les heures d'ouverture de notre nouveau studio de Pilates Reformer \u00e0 Bois-Franc, Montr\u00e9al. Reformer Pilates Montr\u00e9al.\",\"breadcrumb\":{\"@id\":\"https:\\\/\\\/bxstudio.ca\\\/fr\\\/horaires-bois-franc\\\/#breadcrumb\"},\"inLanguage\":\"fr-FR\",\"potentialAction\":[{\"@type\":\"ReadAction\",\"target\":[\"https:\\\/\\\/bxstudio.ca\\\/fr\\\/horaires-bois-franc\\\/\"]}]},{\"@type\":\"BreadcrumbList\",\"@id\":\"https:\\\/\\\/bxstudio.ca\\\/fr\\\/horaires-bois-franc\\\/#breadcrumb\",\"itemListElement\":[{\"@type\":\"ListItem\",\"position\":1,\"name\":\"Home\",\"item\":\"https:\\\/\\\/bxstudio.ca\\\/\"},{\"@type\":\"ListItem\",\"position\":2,\"name\":\"Horaires Bois Franc\"}]},{\"@type\":\"WebSite\",\"@id\":\"https:\\\/\\\/bxstudio.ca\\\/#website\",\"url\":\"https:\\\/\\\/bxstudio.ca\\\/\",\"name\":\"Bx Studio | Pilates, fitness, barre and boxe\",\"description\":\"\",\"publisher\":{\"@id\":\"https:\\\/\\\/bxstudio.ca\\\/#organization\"},\"potentialAction\":[{\"@type\":\"SearchAction\",\"target\":{\"@type\":\"EntryPoint\",\"urlTemplate\":\"https:\\\/\\\/bxstudio.ca\\\/?s={search_term_string}\"},\"query-input\":{\"@type\":\"PropertyValueSpecification\",\"valueRequired\":true,\"valueName\":\"search_term_string\"}}],\"inLanguage\":\"fr-FR\"},{\"@type\":\"Organization\",\"@id\":\"https:\\\/\\\/bxstudio.ca\\\/#organization\",\"name\":\"B\u02e3 Studio, salle de fitness \u00e0 Montr\u00e9al.\",\"url\":\"https:\\\/\\\/bxstudio.ca\\\/\",\"logo\":{\"@type\":\"ImageObject\",\"inLanguage\":\"fr-FR\",\"@id\":\"https:\\\/\\\/bxstudio.ca\\\/#\\\/schema\\\/logo\\\/image\\\/\",\"url\":\"https:\\\/\\\/bxstudio.ca\\\/wp-content\\\/uploads\\\/2020\\\/05\\\/BLACK-LOGO-scaled.png\",\"contentUrl\":\"https:\\\/\\\/bxstudio.ca\\\/wp-content\\\/uploads\\\/2020\\\/05\\\/BLACK-LOGO-scaled.png\",\"width\":2560,\"height\":1851,\"caption\":\"B\u02e3 Studio, salle de fitness \u00e0 Montr\u00e9al.\"},\"image\":{\"@id\":\"https:\\\/\\\/bxstudio.ca\\\/#\\\/schema\\\/logo\\\/image\\\/\"}}]}<\/script>\n<!-- \/ Yoast SEO plugin. -->","yoast_head_json":{"title":"Horaire Bois-Franc | Reformer Pilates Montr\u00e9al","description":"D\u00e9couvrez les heures d'ouverture de notre nouveau studio de Pilates Reformer \u00e0 Bois-Franc, Montr\u00e9al. Reformer Pilates Montr\u00e9al.","robots":{"index":"index","follow":"follow","max-snippet":"max-snippet:-1","max-image-preview":"max-image-preview:large","max-video-preview":"max-video-preview:-1"},"canonical":"https:\/\/bxstudio.ca\/fr\/horaires-bois-franc\/","og_locale":"fr_FR","og_type":"article","og_title":"Horaire Bois-Franc | Reformer Pilates Montr\u00e9al","og_description":"D\u00e9couvrez les heures d'ouverture de notre nouveau studio de Pilates Reformer \u00e0 Bois-Franc, Montr\u00e9al. Reformer Pilates Montr\u00e9al.","og_url":"https:\/\/bxstudio.ca\/fr\/horaires-bois-franc\/","og_site_name":"Bx Studio | Pilates, fitness, barre and boxe","article_modified_time":"2026-02-23T04:27:08+00:00","og_image":[{"url":"https:\/\/bxstudio.ca\/wp-content\/uploads\/2025\/05\/WR-51-200x300.jpg","type":"","width":"","height":""}],"twitter_card":"summary_large_image","twitter_misc":{"Dur\u00e9e de lecture estim\u00e9e":"1 minute"},"schema":{"@context":"https:\/\/schema.org","@graph":[{"@type":"WebPage","@id":"https:\/\/bxstudio.ca\/fr\/horaires-bois-franc\/","url":"https:\/\/bxstudio.ca\/fr\/horaires-bois-franc\/","name":"Horaire Bois-Franc | Reformer Pilates Montr\u00e9al","isPartOf":{"@id":"https:\/\/bxstudio.ca\/#website"},"datePublished":"2025-05-30T07:59:11+00:00","dateModified":"2026-02-23T04:27:08+00:00","description":"D\u00e9couvrez les heures d'ouverture de notre nouveau studio de Pilates Reformer \u00e0 Bois-Franc, Montr\u00e9al. Reformer Pilates Montr\u00e9al.","breadcrumb":{"@id":"https:\/\/bxstudio.ca\/fr\/horaires-bois-franc\/#breadcrumb"},"inLanguage":"fr-FR","potentialAction":[{"@type":"ReadAction","target":["https:\/\/bxstudio.ca\/fr\/horaires-bois-franc\/"]}]},{"@type":"BreadcrumbList","@id":"https:\/\/bxstudio.ca\/fr\/horaires-bois-franc\/#breadcrumb","itemListElement":[{"@type":"ListItem","position":1,"name":"Home","item":"https:\/\/bxstudio.ca\/"},{"@type":"ListItem","position":2,"name":"Horaires Bois Franc"}]},{"@type":"WebSite","@id":"https:\/\/bxstudio.ca\/#website","url":"https:\/\/bxstudio.ca\/","name":"Bx Studio | Pilates, fitness, barre and boxe","description":"","publisher":{"@id":"https:\/\/bxstudio.ca\/#organization"},"potentialAction":[{"@type":"SearchAction","target":{"@type":"EntryPoint","urlTemplate":"https:\/\/bxstudio.ca\/?s={search_term_string}"},"query-input":{"@type":"PropertyValueSpecification","valueRequired":true,"valueName":"search_term_string"}}],"inLanguage":"fr-FR"},{"@type":"Organization","@id":"https:\/\/bxstudio.ca\/#organization","name":"B\u02e3 Studio, salle de fitness \u00e0 Montr\u00e9al.","url":"https:\/\/bxstudio.ca\/","logo":{"@type":"ImageObject","inLanguage":"fr-FR","@id":"https:\/\/bxstudio.ca\/#\/schema\/logo\/image\/","url":"https:\/\/bxstudio.ca\/wp-content\/uploads\/2020\/05\/BLACK-LOGO-scaled.png","contentUrl":"https:\/\/bxstudio.ca\/wp-content\/uploads\/2020\/05\/BLACK-LOGO-scaled.png","width":2560,"height":1851,"caption":"B\u02e3 Studio, salle de fitness \u00e0 Montr\u00e9al."},"image":{"@id":"https:\/\/bxstudio.ca\/#\/schema\/logo\/image\/"}}]}},"_links":{"self":[{"href":"https:\/\/bxstudio.ca\/fr\/wp-json\/wp\/v2\/pages\/5911","targetHints":{"allow":["GET"]}}],"collection":[{"href":"https:\/\/bxstudio.ca\/fr\/wp-json\/wp\/v2\/pages"}],"about":[{"href":"https:\/\/bxstudio.ca\/fr\/wp-json\/wp\/v2\/types\/page"}],"author":[{"embeddable":true,"href":"https:\/\/bxstudio.ca\/fr\/wp-json\/wp\/v2\/users\/1"}],"replies":[{"embeddable":true,"href":"https:\/\/bxstudio.ca\/fr\/wp-json\/wp\/v2\/comments?post=5911"}],"version-history":[{"count":20,"href":"https:\/\/bxstudio.ca\/fr\/wp-json\/wp\/v2\/pages\/5911\/revisions"}],"predecessor-version":[{"id":6505,"href":"https:\/\/bxstudio.ca\/fr\/wp-json\/wp\/v2\/pages\/5911\/revisions\/6505"}],"wp:attachment":[{"href":"https:\/\/bxstudio.ca\/fr\/wp-json\/wp\/v2\/media?parent=5911"}],"curies":[{"name":"wp","href":"https:\/\/api.w.org\/{rel}","templated":true}]}}